{"id":18269,"date":"2026-03-27T12:01:56","date_gmt":"2026-03-27T11:01:56","guid":{"rendered":"https:\/\/location.pathe.fr\/?page_id=18269"},"modified":"2026-03-27T12:02:25","modified_gmt":"2026-03-27T11:02:25","slug":"plan-du-site","status":"publish","type":"page","link":"https:\/\/location.pathe.fr\/en\/plan-du-site\/","title":{"rendered":"Site map"},"content":{"rendered":"<div   style=\"--mw-container-border-top-thickness: 0px; --mw-container-border-right-thickness: 0px; --mw-container-border-bottom-thickness: 0px; --mw-container-border-left-thickness: 0px;\" class=\"mw-container mw-container__full mw-container__bg-black mw-container__flex mw-container__items-start mw-container__justify-start mw-container__flex-row mw-container__flex-wrap mw-container__mt--spacing-none mw-container__mb--spacing-none mw-container__pt--spacing-none mw-container__pb--spacing-none mw-container__gap-x--spacing-none mw-container__gap-y--spacing-none mw-container__border--none mw-container__shadow-none mw-container__radius-none md-mw-container__full md-mw-container__flex md-mw-container__flex-row md-mw-container__items-start md-mw-container__justify-start md-mw-container__flex-wrap md-mw-container__mt--spacing-none md-mw-container__mb--spacing-none md-mw-container__pt--spacing-none md-mw-container__pb--spacing-5xl md-mw-container__gap-x--spacing-none md-mw-container__gap-y--spacing-none md-mw-container__radius-none  sm-mw-container__full sm-mw-container__flex sm-mw-container__flex-row sm-mw-container__items-start sm-mw-container__justify-start sm-mw-container__flex-wrap sm-mw-container__mt--spacing-none sm-mw-container__mb--spacing-none sm-mw-container__pt--spacing-none sm-mw-container__pb--spacing-5xl sm-mw-container__gap-x--spacing-none sm-mw-container__gap-y--spacing-none sm-mw-container__radius-none\"   >\n\t\n<div   style=\"--mw-container-border-top-thickness: 0px; --mw-container-border-right-thickness: 0px; --mw-container-border-bottom-thickness: 0px; --mw-container-border-left-thickness: 0px;\" class=\"mw-container mw-container__boxed mw-container__bg-none mw-container__flex mw-container__items-start mw-container__justify-start mw-container__flex-column mw-container__flex-wrap mw-container__mt--spacing-none mw-container__mb--spacing-none mw-container__pt--spacing-6xl mw-container__pb--spacing-6xl mw-container__gap-x--spacing-none mw-container__gap-y--spacing-none mw-container__border--none mw-container__shadow-none mw-container__radius-none md-mw-container__full md-mw-container__flex md-mw-container__flex-row md-mw-container__items-start md-mw-container__justify-start md-mw-container__flex-wrap md-mw-container__mt--spacing-none md-mw-container__mb--spacing-none md-mw-container__pt--spacing-none md-mw-container__pb--spacing-none md-mw-container__gap-x--spacing-none md-mw-container__gap-y--spacing-none md-mw-container__radius-none  sm-mw-container__full sm-mw-container__flex sm-mw-container__flex-row sm-mw-container__items-start sm-mw-container__justify-start sm-mw-container__flex-wrap sm-mw-container__mt--spacing-none sm-mw-container__mb--spacing-none sm-mw-container__pt--spacing-none sm-mw-container__pb--spacing-none sm-mw-container__gap-x--spacing-none sm-mw-container__gap-y--spacing-none sm-mw-container__radius-none\"   >\n\t\n<h1 class=\"mw-typography mw-typography-bg-color--none mw-typography__text-left mw-typography-font--text mw-typography-style--normal mw-typography-weight--800 mw-typography-color--white mw-typography-size--display--md\" data-duration=\"\">Site map<\/h1>\n\n\n<\/div>\n\n\n<\/div>\n\n\n<div   style=\"--mw-container-border-top-thickness: 0px; --mw-container-border-right-thickness: 0px; --mw-container-border-bottom-thickness: 0px; --mw-container-border-left-thickness: 0px;\" class=\"mw-container mw-container__full mw-container__bg-black mw-container__flex mw-container__items-start mw-container__justify-start mw-container__flex-column mw-container__flex-wrap mw-container__mt--spacing-none mw-container__mb--spacing-none mw-container__pt--spacing-5xl mw-container__pb--spacing-5xl mw-container__gap-x--spacing-none mw-container__gap-y--spacing-none mw-container__border--none mw-container__shadow-none mw-container__radius-none md-mw-container__full md-mw-container__flex md-mw-container__flex-column md-mw-container__items-start md-mw-container__justify-start md-mw-container__flex-wrap md-mw-container__mt--spacing-none md-mw-container__mb--spacing-5xl md-mw-container__pt--spacing-none md-mw-container__pb--spacing-none md-mw-container__gap-x--spacing-none md-mw-container__gap-y--spacing-none md-mw-container__radius-none  sm-mw-container__full sm-mw-container__flex sm-mw-container__flex-column sm-mw-container__items-start sm-mw-container__justify-start sm-mw-container__flex-wrap sm-mw-container__mt--spacing-none sm-mw-container__mb--spacing-none sm-mw-container__pt--spacing-none sm-mw-container__pb--spacing-5xl sm-mw-container__gap-x--spacing-none sm-mw-container__gap-y--spacing-none sm-mw-container__radius-none\"   >\n\t\n<div   style=\"--mw-container-border-top-thickness: 0px; --mw-container-border-right-thickness: 0px; --mw-container-border-bottom-thickness: 0px; --mw-container-border-left-thickness: 0px;\" class=\"mw-container mw-container__boxed mw-container__bg-none mw-container__flex mw-container__items-start mw-container__justify-start mw-container__flex-column mw-container__flex-wrap mw-container__mt--spacing-none mw-container__mb--spacing-none mw-container__pt--spacing-none mw-container__pb--spacing-none mw-container__gap-x--spacing-none mw-container__gap-y--spacing-2xl mw-container__border--none mw-container__shadow-none mw-container__radius-none md-mw-container__full md-mw-container__flex md-mw-container__flex-column md-mw-container__items-start md-mw-container__justify-start md-mw-container__flex-wrap md-mw-container__mt--spacing-none md-mw-container__mb--spacing-none md-mw-container__pt--spacing-none md-mw-container__pb--spacing-none md-mw-container__gap-x--spacing-none md-mw-container__gap-y--spacing-2xl md-mw-container__radius-none  sm-mw-container__full sm-mw-container__flex sm-mw-container__flex-column sm-mw-container__items-start sm-mw-container__justify-start sm-mw-container__flex-wrap sm-mw-container__mt--spacing-none sm-mw-container__mb--spacing-none sm-mw-container__pt--spacing-none sm-mw-container__pb--spacing-none sm-mw-container__gap-x--spacing-none sm-mw-container__gap-y--spacing-2xl sm-mw-container__radius-none\"   >\n\t\n<div class=\"wsp-container\"><h2 class=\"wsp-pages-title\">Pages<\/h2>\n<ul class=\"wsp-pages-list\">\n<li class=\"page_item page-item-18269\"><a href=\"https:\/\/location.pathe.fr\/en\/plan-du-site\/\">Site map<\/a><\/li>\n<li class=\"page_item page-item-18238\"><a href=\"https:\/\/location.pathe.fr\/en\/confirmation-denvoi-demande-de-devis\/\">Confirmation of quotation request<\/a><\/li>\n<li class=\"page_item page-item-14289\"><a href=\"https:\/\/location.pathe.fr\/en\/grenoble\/\">TOULON<\/a><\/li>\n<li class=\"page_item page-item-14287\"><a href=\"https:\/\/location.pathe.fr\/en\/lyon\/\">LYON<\/a><\/li>\n<li class=\"page_item page-item-14285\"><a href=\"https:\/\/location.pathe.fr\/en\/marseille\/\">MARSEILLE<\/a><\/li>\n<li class=\"page_item page-item-14283\"><a href=\"https:\/\/location.pathe.fr\/en\/montpellier\/\">MONTPELLIER<\/a><\/li>\n<li class=\"page_item page-item-14280\"><a href=\"https:\/\/location.pathe.fr\/en\/nantes\/\">NANTES<\/a><\/li>\n<li class=\"page_item page-item-14277\"><a href=\"https:\/\/location.pathe.fr\/en\/nice\/\">NICE<\/a><\/li>\n<li class=\"page_item page-item-14274\"><a href=\"https:\/\/location.pathe.fr\/en\/orleans\/\">ORLEANS<\/a><\/li>\n<li class=\"page_item page-item-14271\"><a href=\"https:\/\/location.pathe.fr\/en\/toulon\/\">GRENOBLE<\/a><\/li>\n<li class=\"page_item page-item-14269\"><a href=\"https:\/\/location.pathe.fr\/en\/paris\/\">PARIS<\/a><\/li>\n<li class=\"page_item page-item-14267\"><a href=\"https:\/\/location.pathe.fr\/en\/toulouse\/\">TOULOUSE<\/a><\/li>\n<li class=\"page_item page-item-40\"><a href=\"https:\/\/location.pathe.fr\/en\/\">Home page<\/a><\/li>\n<li class=\"page_item page-item-191\"><a href=\"https:\/\/location.pathe.fr\/en\/nos-offres\/\">Our offers<\/a><\/li>\n<li class=\"page_item page-item-18378\"><a href=\"https:\/\/location.pathe.fr\/en\/auditoriums-salle-de-conference\/\">Auditoriums \/ Conference rooms<\/a><\/li>\n<li class=\"page_item page-item-3469\"><a href=\"https:\/\/location.pathe.fr\/en\/seminaires-colloques\/\">Seminars and conferences<\/a><\/li>\n<li class=\"page_item page-item-197\"><a href=\"https:\/\/location.pathe.fr\/en\/nos-atouts\/\">Our strengths<\/a><\/li>\n<li class=\"page_item page-item-3526\"><a href=\"https:\/\/location.pathe.fr\/en\/cgv\/\">CGU<\/a><\/li>\n<li class=\"page_item page-item-199\"><a href=\"https:\/\/location.pathe.fr\/en\/nos-cinemas\/\">Our cinemas<\/a><\/li>\n<li class=\"page_item page-item-829\"><a href=\"https:\/\/location.pathe.fr\/en\/contact\/\">Contact<\/a><\/li>\n<li class=\"page_item page-item-3522\"><a href=\"https:\/\/location.pathe.fr\/en\/donnees-personnelles\/\">Personal data<\/a><\/li>\n<li class=\"page_item page-item-3520\"><a href=\"https:\/\/location.pathe.fr\/en\/mentions-legales\/\">Legal information<\/a><\/li>\n<li class=\"page_item page-item-3510\"><a href=\"https:\/\/location.pathe.fr\/en\/notre-site-billetterie-pro\/\">Our PRO ticketing website<\/a><\/li>\n<li class=\"page_item page-item-8\"><a href=\"https:\/\/location.pathe.fr\/en\/page-attractive\/\">ACCESSIBILITY DECLARATION<\/a><\/li>\n<li class=\"page_item page-item-47 current_page_parent\"><a href=\"https:\/\/location.pathe.fr\/en\/actualites\/\">News<\/a><\/li>\n<\/ul>\n<h2 class=\"wsp-lieus-title\">Locations<\/h2>\n<ul class=\"wsp-lieus-list\">\n<li><a href=\"https:\/\/location.pathe.fr\/en\/nos-cinemas\/cine-capitole\/\">Cin\u00e9 Capitole<\/a><\/li>\n<li><a href=\"https:\/\/location.pathe.fr\/en\/nos-cinemas\/pathe-wepler\/\">Path\u00e9 Wepler<\/a><\/li>\n<li><a href=\"https:\/\/location.pathe.fr\/en\/nos-cinemas\/pathe-annecy\/\">Path\u00e9 Annecy<\/a><\/li>\n<li><a href=\"https:\/\/location.pathe.fr\/en\/nos-cinemas\/pathe-archamps\/\">Path\u00e9 Archamps<\/a><\/li>\n<li><a href=\"https:\/\/location.pathe.fr\/en\/nos-cinemas\/pathe-vaise-lyon\/\">Path\u00e9 Vaise Lyon<\/a><\/li>\n<li><a href=\"https:\/\/location.pathe.fr\/en\/nos-cinemas\/pathe-bellecours\/\">Path\u00e9 Bellecour<\/a><\/li>\n<li><a href=\"https:\/\/location.pathe.fr\/en\/nos-cinemas\/pathe-batignolles\/\">Path\u00e9 7 Batignolles<\/a><\/li>\n<li><a href=\"https:\/\/location.pathe.fr\/en\/nos-cinemas\/pathe-la-vilette\/\">Path\u00e9 La Villette<\/a><\/li>\n<li><a href=\"https:\/\/location.pathe.fr\/en\/nos-cinemas\/pathe-bnp-paribas\/\">Path\u00e9 BNP Paribas<\/a><\/li>\n<li><a href=\"https:\/\/location.pathe.fr\/en\/nos-cinemas\/pathe-marseille-la-joliette\/\">Path\u00e9 La Joliette<\/a><\/li>\n<li><a href=\"https:\/\/location.pathe.fr\/en\/nos-cinemas\/pathe-marseille-madeleine\/\">Path\u00e9 Madeleine<\/a><\/li>\n<li><a href=\"https:\/\/location.pathe.fr\/en\/nos-cinemas\/pathe-carre-de-soi\/\">Path\u00e9 Carr\u00e9 de Soie<\/a><\/li>\n<li><a href=\"https:\/\/location.pathe.fr\/en\/nos-cinemas\/pathe-echirolles\/\">Path\u00e9 Echirolles<\/a><\/li>\n<li><a href=\"https:\/\/location.pathe.fr\/en\/nos-cinemas\/pathe-marseille-pan-de-campagne\/\">Path\u00e9 Plan de campagne<\/a><\/li>\n<li><a href=\"https:\/\/location.pathe.fr\/en\/nos-cinemas\/pathe-grenoble\/\">Path\u00e9 Grenoble<\/a><\/li>\n<li><a href=\"https:\/\/location.pathe.fr\/en\/nos-cinemas\/pathe-les-3-palmes\/\">Path\u00e9 Les 3 Palmes<\/a><\/li>\n<li><a href=\"https:\/\/location.pathe.fr\/en\/nos-cinemas\/pathe-gare-du-sud\/\">Path\u00e9 Gare du Sud<\/a><\/li>\n<li><a href=\"https:\/\/location.pathe.fr\/en\/nos-cinemas\/16026\/\">Path\u00e9 Lingosti\u00e8re<\/a><\/li>\n<li><a href=\"https:\/\/location.pathe.fr\/en\/nos-cinemas\/pathe-massena\/\">Path\u00e9 Mass\u00e9na<\/a><\/li>\n<li><a href=\"https:\/\/location.pathe.fr\/en\/nos-cinemas\/16457\/\">Path\u00e9 Toulon<\/a><\/li>\n<li><a href=\"https:\/\/location.pathe.fr\/en\/nos-cinemas\/16459\/\">Path\u00e9 La Valette<\/a><\/li>\n<li><a href=\"https:\/\/location.pathe.fr\/en\/nos-cinemas\/pathe-toulouse-wilson\/\">Path\u00e9 Wilson<\/a><\/li>\n<li><a href=\"https:\/\/location.pathe.fr\/en\/nos-cinemas\/16451\/\">Path\u00e9 Cap Sud<\/a><\/li>\n<li><a href=\"https:\/\/location.pathe.fr\/en\/nos-cinemas\/pathe-toulouse-labege\/\">Path\u00e9 Lab\u00e8ge<\/a><\/li>\n<li><a href=\"https:\/\/location.pathe.fr\/en\/nos-cinemas\/pathe-multiplex-odysseum\/\">Path\u00e9 Odysseum<\/a><\/li>\n<li><a href=\"https:\/\/location.pathe.fr\/en\/nos-cinemas\/pathe-comedie\/\">Path\u00e9 Com\u00e9die<\/a><\/li>\n<li><a href=\"https:\/\/location.pathe.fr\/en\/nos-cinemas\/pathe-multiplex-liberte\/\">Path\u00e9 Multiplex Libert\u00e9<\/a><\/li>\n<li><a href=\"https:\/\/location.pathe.fr\/en\/nos-cinemas\/16431\/\">Path\u00e9 Capucin<\/a><\/li>\n<li><a href=\"https:\/\/location.pathe.fr\/en\/nos-cinemas\/pathe-dijon\/\">Path\u00e9 Dijon<\/a><\/li>\n<li><a href=\"https:\/\/location.pathe.fr\/en\/nos-cinemas\/pathe-cine-cap-vert\/\">Path\u00e9 Cin\u00e9 Cap Vert<\/a><\/li>\n<li><a href=\"https:\/\/location.pathe.fr\/en\/nos-cinemas\/pathe-chambery\/\">Path\u00e9 Chambery<\/a><\/li>\n<li><a href=\"https:\/\/location.pathe.fr\/en\/nos-cinemas\/pathe-valence\/\">Path\u00e9 Valence<\/a><\/li>\n<li><a href=\"https:\/\/location.pathe.fr\/en\/nos-cinemas\/pathe-cine-dome\/\">Path\u00e9 Aubi\u00e8re<\/a><\/li>\n<li><a href=\"https:\/\/location.pathe.fr\/en\/nos-cinemas\/pathe-cite-europe\/\">Path\u00e9 Cit\u00e9 EUROPE<\/a><\/li>\n<li><a href=\"https:\/\/location.pathe.fr\/en\/nos-cinemas\/pathe-lievin\/\">Path\u00e9 Lievin<\/a><\/li>\n<li><a href=\"https:\/\/location.pathe.fr\/en\/nos-cinemas\/pathe-valenciennes\/\">Path\u00e9 Valenciennes<\/a><\/li>\n<li><a href=\"https:\/\/location.pathe.fr\/en\/nos-cinemas\/pathe-amiens\/\">Path\u00e9 Amiens<\/a><\/li>\n<li><a href=\"https:\/\/location.pathe.fr\/en\/nos-cinemas\/pathe-thillois\/\">Path\u00e9 Thillois<\/a><\/li>\n<li><a href=\"https:\/\/location.pathe.fr\/en\/nos-cinemas\/pathe-montataire\/\">Path\u00e9 Montataire<\/a><\/li>\n<li><a href=\"https:\/\/location.pathe.fr\/en\/nos-cinemas\/pathe-docks-76\/\">Path\u00e9 Docks 76<\/a><\/li>\n<li><a href=\"https:\/\/location.pathe.fr\/en\/nos-cinemas\/16419\/\">Path\u00e9 Grand quevilly<\/a><\/li>\n<li><a href=\"https:\/\/location.pathe.fr\/en\/nos-cinemas\/pathe-docks-vauban\/\">Path\u00e9 Docks Vauban<\/a><\/li>\n<li><a href=\"https:\/\/location.pathe.fr\/en\/nos-cinemas\/pathe-evreux\/\">Path\u00e9 \u00c9vreux<\/a><\/li>\n<li><a href=\"https:\/\/location.pathe.fr\/en\/nos-cinemas\/pathe-les-rives-de-lorne\/\">Path\u00e9 Les rives de l'Orne<\/a><\/li>\n<li><a href=\"https:\/\/location.pathe.fr\/en\/nos-cinemas\/pathe-rennes\/\">Path\u00e9 Rennes<\/a><\/li>\n<li><a href=\"https:\/\/location.pathe.fr\/en\/nos-cinemas\/pathe-belle-epine\/\">Path\u00e9 Belle Epine<\/a><\/li>\n<li><a href=\"https:\/\/location.pathe.fr\/en\/nos-cinemas\/pathe-quai-divry\/\">Path\u00e9 Quai d'Ivry<\/a><\/li>\n<li><a href=\"https:\/\/location.pathe.fr\/en\/nos-cinemas\/pathe-boulogne\/\">Path\u00e9 Boulogne<\/a><\/li>\n<li><a href=\"https:\/\/location.pathe.fr\/en\/nos-cinemas\/pathe-levallois\/\">Path\u00e9 Levallois<\/a><\/li>\n<li><a href=\"https:\/\/location.pathe.fr\/en\/nos-cinemas\/pathe-aeroville\/\">Path\u00e9 A\u00e9roville<\/a><\/li>\n<li><a href=\"https:\/\/location.pathe.fr\/en\/nos-cinemas\/pathe-saint-denis\/\">Path\u00e9 Saint-Denis<\/a><\/li>\n<li><a href=\"https:\/\/location.pathe.fr\/en\/nos-cinemas\/pathe-disney-village\/\">Path\u00e9 Gaumont Disney Village<\/a><\/li>\n<li><a href=\"https:\/\/location.pathe.fr\/en\/nos-cinemas\/pathe-carre-senart\/\">Path\u00e9 Carr\u00e9 S\u00e9nart<\/a><\/li>\n<li><a href=\"https:\/\/location.pathe.fr\/en\/nos-cinemas\/pathe-dammarie\/\">Path\u00e9 Dammarie<\/a><\/li>\n<li><a href=\"https:\/\/location.pathe.fr\/en\/nos-cinemas\/pathe-conflans\/\">Path\u00e9 Conflans<\/a><\/li>\n<li><a href=\"https:\/\/location.pathe.fr\/en\/nos-cinemas\/pathe-massy\/\">Path\u00e9 Massy<\/a><\/li>\n<li><a href=\"https:\/\/location.pathe.fr\/en\/nos-cinemas\/pathe-palace-2\/\">Path\u00e9 Palace<\/a><\/li>\n<li><a href=\"https:\/\/location.pathe.fr\/en\/nos-cinemas\/pathe-parnass\/\">Path\u00e9 Parnasse<\/a><\/li>\n<li><a href=\"https:\/\/location.pathe.fr\/en\/nos-cinemas\/pathe-la-geode\/\">Path\u00e9 La G\u00e9ode<\/a><\/li>\n<li><a href=\"https:\/\/location.pathe.fr\/en\/nos-cinemas\/pathe-les-fauvettes\/\">Path\u00e9 Les Fauvettes<\/a><\/li>\n<li><a href=\"https:\/\/location.pathe.fr\/en\/nos-cinemas\/pathe-alesia\/\">Path\u00e9 Al\u00e9sia<\/a><\/li>\n<li><a href=\"https:\/\/location.pathe.fr\/en\/nos-cinemas\/pathe-convention\/\">Path\u00e9 Convention<\/a><\/li>\n<li><a href=\"https:\/\/location.pathe.fr\/en\/nos-cinemas\/pathe-aquaboulevard\/\">Path\u00e9 Aquaboulevard<\/a><\/li>\n<li><a href=\"https:\/\/location.pathe.fr\/en\/nos-cinemas\/pathe-beaugrenelle\/\">Path\u00e9 Beaugrenelle<\/a><\/li>\n<li><a href=\"https:\/\/location.pathe.fr\/en\/nos-cinemas\/pathe-le-mans\/\">Path\u00e9 Le Mans<\/a><\/li>\n<li><a href=\"https:\/\/location.pathe.fr\/en\/nos-cinemas\/pathe-saran\/\">Path\u00e9 Saran<\/a><\/li>\n<li><a href=\"https:\/\/location.pathe.fr\/en\/nos-cinemas\/pathe-tours\/\">Path\u00e9 Tours<\/a><\/li>\n<li><a href=\"https:\/\/location.pathe.fr\/en\/nos-cinemas\/pathe-orleans\/\">Path\u00e9 Orl\u00e9ans<\/a><\/li>\n<li><a href=\"https:\/\/location.pathe.fr\/en\/nos-cinemas\/pathe-nantes\/\">Path\u00e9 Nantes<\/a><\/li>\n<li><a href=\"https:\/\/location.pathe.fr\/en\/nos-cinemas\/pathe-atlantis\/\">Path\u00e9 Atlantis<\/a><\/li>\n<li><a href=\"https:\/\/location.pathe.fr\/en\/nos-cinemas\/16443\/\">Path\u00e9 Angers<\/a><\/li>\n<li><a href=\"https:\/\/location.pathe.fr\/en\/nos-cinemas\/pathe-brumath\/\">Path\u00e9 Brumath<\/a><\/li>\n<li><a href=\"https:\/\/location.pathe.fr\/en\/nos-cinemas\/pathe-macon\/\">Path\u00e9 M\u00e2con<\/a><\/li>\n<\/ul>\n<\/div>\n\n\n<\/div>\n\n\n<\/div>","protected":false},"excerpt":{"rendered":"","protected":false},"author":2,"featured_media":0,"parent":0,"menu_order":1,"comment_status":"closed","ping_status":"closed","template":"","meta":{"_acf_changed":false,"footnotes":""},"class_list":["post-18269","page","type-page","status-publish","hentry"],"acf":[],"_links":{"self":[{"href":"https:\/\/location.pathe.fr\/en\/wp-json\/wp\/v2\/pages\/18269","targetHints":{"allow":["GET"]}}],"collection":[{"href":"https:\/\/location.pathe.fr\/en\/wp-json\/wp\/v2\/pages"}],"about":[{"href":"https:\/\/location.pathe.fr\/en\/wp-json\/wp\/v2\/types\/page"}],"author":[{"embeddable":true,"href":"https:\/\/location.pathe.fr\/en\/wp-json\/wp\/v2\/users\/2"}],"replies":[{"embeddable":true,"href":"https:\/\/location.pathe.fr\/en\/wp-json\/wp\/v2\/comments?post=18269"}],"version-history":[{"count":2,"href":"https:\/\/location.pathe.fr\/en\/wp-json\/wp\/v2\/pages\/18269\/revisions"}],"predecessor-version":[{"id":18272,"href":"https:\/\/location.pathe.fr\/en\/wp-json\/wp\/v2\/pages\/18269\/revisions\/18272"}],"wp:attachment":[{"href":"https:\/\/location.pathe.fr\/en\/wp-json\/wp\/v2\/media?parent=18269"}],"curies":[{"name":"wp","href":"https:\/\/api.w.org\/{rel}","templated":true}]}}